{"id":294,"date":"2020-06-15T16:43:02","date_gmt":"2020-06-15T16:43:02","guid":{"rendered":"http:\/\/bydinletirproduction.com\/?page_id=294"},"modified":"2026-03-19T21:23:27","modified_gmt":"2026-03-19T21:23:27","slug":"biography","status":"publish","type":"page","link":"http:\/\/bydinletirproduction.com\/?page_id=294","title":{"rendered":"Biography"},"content":{"rendered":"\t\t<div data-elementor-type=\"wp-page\" data-elementor-id=\"294\" class=\"elementor elementor-294\">\n\t\t\t\t\t\t\t\t\t<section class=\"elementor-section elementor-top-section elementor-element elementor-element-96c7d45 elementor-section-height-min-height elementor-section-items-bottom elementor-section-boxed elementor-section-height-default\" data-id=\"96c7d45\" data-element_type=\"section\" data-settings=\"{&quot;background_background&quot;:&quot;classic&quot;}\">\n\t\t\t\t\t\t\t<div class=\"elementor-background-overlay\"><\/div>\n\t\t\t\t\t\t\t<div class=\"elementor-container elementor-column-gap-no\">\n\t\t\t\t\t<div class=\"elementor-column elementor-col-100 elementor-top-column elementor-element elementor-element-25cfc78\" data-id=\"25cfc78\" data-element_type=\"column\">\n\t\t\t<div class=\"elementor-widget-wrap elementor-element-populated\">\n\t\t\t\t\t\t\t\t<div class=\"elementor-element elementor-element-1467566 elementor-widget elementor-widget-heading\" data-id=\"1467566\" data-element_type=\"widget\" data-widget_type=\"heading.default\">\n\t\t\t\t<div class=\"elementor-widget-container\">\n\t\t\t<style>\/*! elementor - v3.12.1 - 02-04-2023 *\/\n.elementor-heading-title{padding:0;margin:0;line-height:1}.elementor-widget-heading .elementor-heading-title[class*=elementor-size-]>a{color:inherit;font-size:inherit;line-height:inherit}.elementor-widget-heading .elementor-heading-title.elementor-size-small{font-size:15px}.elementor-widget-heading .elementor-heading-title.elementor-size-medium{font-size:19px}.elementor-widget-heading .elementor-heading-title.elementor-size-large{font-size:29px}.elementor-widget-heading .elementor-heading-title.elementor-size-xl{font-size:39px}.elementor-widget-heading .elementor-heading-title.elementor-size-xxl{font-size:59px}<\/style><h1 class=\"elementor-heading-title elementor-size-default\">B\u0130YOGRAF\u0130<\/h1>\t\t<\/div>\n\t\t\t\t<\/div>\n\t\t\t\t<div class=\"elementor-element elementor-element-8779999 elementor-widget-divider--view-line elementor-widget elementor-widget-divider\" data-id=\"8779999\" data-element_type=\"widget\" data-widget_type=\"divider.default\">\n\t\t\t\t<div class=\"elementor-widget-container\">\n\t\t\t<style>\/*! elementor - v3.12.1 - 02-04-2023 *\/\n.elementor-widget-divider{--divider-border-style:none;--divider-border-width:1px;--divider-color:#0c0d0e;--divider-icon-size:20px;--divider-element-spacing:10px;--divider-pattern-height:24px;--divider-pattern-size:20px;--divider-pattern-url:none;--divider-pattern-repeat:repeat-x}.elementor-widget-divider .elementor-divider{display:flex}.elementor-widget-divider .elementor-divider__text{font-size:15px;line-height:1;max-width:95%}.elementor-widget-divider .elementor-divider__element{margin:0 var(--divider-element-spacing);flex-shrink:0}.elementor-widget-divider .elementor-icon{font-size:var(--divider-icon-size)}.elementor-widget-divider .elementor-divider-separator{display:flex;margin:0;direction:ltr}.elementor-widget-divider--view-line_icon .elementor-divider-separator,.elementor-widget-divider--view-line_text .elementor-divider-separator{align-items:center}.elementor-widget-divider--view-line_icon .elementor-divider-separator:after,.elementor-widget-divider--view-line_icon .elementor-divider-separator:before,.elementor-widget-divider--view-line_text .elementor-divider-separator:after,.elementor-widget-divider--view-line_text .elementor-divider-separator:before{display:block;content:\"\";border-bottom:0;flex-grow:1;border-top:var(--divider-border-width) var(--divider-border-style) var(--divider-color)}.elementor-widget-divider--element-align-left .elementor-divider .elementor-divider-separator>.elementor-divider__svg:first-of-type{flex-grow:0;flex-shrink:100}.elementor-widget-divider--element-align-left .elementor-divider-separator:before{content:none}.elementor-widget-divider--element-align-left .elementor-divider__element{margin-left:0}.elementor-widget-divider--element-align-right .elementor-divider .elementor-divider-separator>.elementor-divider__svg:last-of-type{flex-grow:0;flex-shrink:100}.elementor-widget-divider--element-align-right .elementor-divider-separator:after{content:none}.elementor-widget-divider--element-align-right .elementor-divider__element{margin-right:0}.elementor-widget-divider:not(.elementor-widget-divider--view-line_text):not(.elementor-widget-divider--view-line_icon) .elementor-divider-separator{border-top:var(--divider-border-width) var(--divider-border-style) var(--divider-color)}.elementor-widget-divider--separator-type-pattern{--divider-border-style:none}.elementor-widget-divider--separator-type-pattern.elementor-widget-divider--view-line .elementor-divider-separator,.elementor-widget-divider--separator-type-pattern:not(.elementor-widget-divider--view-line) .elementor-divider-separator:after,.elementor-widget-divider--separator-type-pattern:not(.elementor-widget-divider--view-line) .elementor-divider-separator:before,.elementor-widget-divider--separator-type-pattern:not([class*=elementor-widget-divider--view]) .elementor-divider-separator{width:100%;min-height:var(--divider-pattern-height);-webkit-mask-size:var(--divider-pattern-size) 100%;mask-size:var(--divider-pattern-size) 100%;-webkit-mask-repeat:var(--divider-pattern-repeat);mask-repeat:var(--divider-pattern-repeat);background-color:var(--divider-color);-webkit-mask-image:var(--divider-pattern-url);mask-image:var(--divider-pattern-url)}.elementor-widget-divider--no-spacing{--divider-pattern-size:auto}.elementor-widget-divider--bg-round{--divider-pattern-repeat:round}.rtl .elementor-widget-divider .elementor-divider__text{direction:rtl}.e-con-inner>.elementor-widget-divider,.e-con>.elementor-widget-divider{width:var(--container-widget-width,100%);--flex-grow:var(--container-widget-flex-grow)}<\/style>\t\t<div class=\"elementor-divider\">\n\t\t\t<span class=\"elementor-divider-separator\">\n\t\t\t\t\t\t<\/span>\n\t\t<\/div>\n\t\t\t\t<\/div>\n\t\t\t\t<\/div>\n\t\t\t\t\t<\/div>\n\t\t<\/div>\n\t\t\t\t\t\t\t<\/div>\n\t\t<\/section>\n\t\t\t\t<section class=\"elementor-section elementor-top-section elementor-element elementor-element-66468e1 elementor-section-boxed elementor-section-height-default elementor-section-height-default\" data-id=\"66468e1\" data-element_type=\"section\" data-settings=\"{&quot;background_background&quot;:&quot;gradient&quot;}\">\n\t\t\t\t\t\t\t<div class=\"elementor-background-overlay\"><\/div>\n\t\t\t\t\t\t\t<div class=\"elementor-container elementor-column-gap-no\">\n\t\t\t\t\t<div class=\"elementor-column elementor-col-100 elementor-top-column elementor-element elementor-element-ec0c66a\" data-id=\"ec0c66a\" data-element_type=\"column\">\n\t\t\t<div class=\"elementor-widget-wrap elementor-element-populated\">\n\t\t\t\t\t\t\t\t<section class=\"elementor-section elementor-inner-section elementor-element elementor-element-6db093d elementor-section-boxed elementor-section-height-default elementor-section-height-default\" data-id=\"6db093d\" data-element_type=\"section\">\n\t\t\t\t\t\t<div class=\"elementor-container elementor-column-gap-no\">\n\t\t\t\t\t<div class=\"elementor-column elementor-col-100 elementor-inner-column elementor-element elementor-element-e0bab35\" data-id=\"e0bab35\" data-element_type=\"column\">\n\t\t\t<div class=\"elementor-widget-wrap elementor-element-populated\">\n\t\t\t\t\t\t\t\t<div class=\"elementor-element elementor-element-bacff46 elementor-widget elementor-widget-heading\" data-id=\"bacff46\" data-element_type=\"widget\" data-widget_type=\"heading.default\">\n\t\t\t\t<div class=\"elementor-widget-container\">\n\t\t\t<h3 class=\"elementor-heading-title elementor-size-default\">BYD\u0130NLET\u0130R ORKESTRASI'NIN KURUCUSU <br><\/h3>\t\t<\/div>\n\t\t\t\t<\/div>\n\t\t\t\t<div class=\"elementor-element elementor-element-b5f8d7d elementor-widget-divider--view-line elementor-widget elementor-widget-divider\" data-id=\"b5f8d7d\" data-element_type=\"widget\" data-widget_type=\"divider.default\">\n\t\t\t\t<div class=\"elementor-widget-container\">\n\t\t\t\t\t<div class=\"elementor-divider\">\n\t\t\t<span class=\"elementor-divider-separator\">\n\t\t\t\t\t\t<\/span>\n\t\t<\/div>\n\t\t\t\t<\/div>\n\t\t\t\t<\/div>\n\t\t\t\t\t<\/div>\n\t\t<\/div>\n\t\t\t\t\t\t\t<\/div>\n\t\t<\/section>\n\t\t\t\t<section class=\"elementor-section elementor-inner-section elementor-element elementor-element-685c10c elementor-section-boxed elementor-section-height-default elementor-section-height-default\" data-id=\"685c10c\" data-element_type=\"section\">\n\t\t\t\t\t\t<div class=\"elementor-container elementor-column-gap-no\">\n\t\t\t\t\t<div class=\"elementor-column elementor-col-100 elementor-inner-column elementor-element elementor-element-54a4cd1\" data-id=\"54a4cd1\" data-element_type=\"column\">\n\t\t\t<div class=\"elementor-widget-wrap elementor-element-populated\">\n\t\t\t\t\t\t\t\t<div class=\"elementor-element elementor-element-81a84eb elementor-widget elementor-widget-heading\" data-id=\"81a84eb\" data-element_type=\"widget\" data-widget_type=\"heading.default\">\n\t\t\t\t<div class=\"elementor-widget-container\">\n\t\t\t<h4 class=\"elementor-heading-title elementor-size-default\">PROFESYONEL KEMAN SANAT\u00c7ISI<br>AYTA\u00c7 D\u0130NLET\u0130R K\u0130MD\u0130R ?<\/h4>\t\t<\/div>\n\t\t\t\t<\/div>\n\t\t\t\t<div class=\"elementor-element elementor-element-b2f141f elementor-widget__width-initial elementor-widget elementor-widget-text-editor\" data-id=\"b2f141f\" data-element_type=\"widget\" data-widget_type=\"text-editor.default\">\n\t\t\t\t<div class=\"elementor-widget-container\">\n\t\t\t<style>\/*! elementor - v3.12.1 - 02-04-2023 *\/\n.elementor-widget-text-editor.elementor-drop-cap-view-stacked .elementor-drop-cap{background-color:#69727d;color:#fff}.elementor-widget-text-editor.elementor-drop-cap-view-framed .elementor-drop-cap{color:#69727d;border:3px solid;background-color:transparent}.elementor-widget-text-editor:not(.elementor-drop-cap-view-default) .elementor-drop-cap{margin-top:8px}.elementor-widget-text-editor:not(.elementor-drop-cap-view-default) .elementor-drop-cap-letter{width:1em;height:1em}.elementor-widget-text-editor .elementor-drop-cap{float:left;text-align:center;line-height:1;font-size:50px}.elementor-widget-text-editor .elementor-drop-cap-letter{display:inline-block}<\/style>\t\t\t\t<ul><li>9 Ya\u015f\u0131nda keman \u00e7almaya ba\u015flam\u0131\u015f Niran \u00fcnsal annesi Nursal \u00fcnsal&#8217;dan ders alm\u0131\u015f m\u00fczik kariyerine ilk ad\u0131m\u0131n\u0131 k\u00fc\u00e7\u00fck\u00a0 ya\u015flarda atm\u0131\u015ft\u0131r. Mimar sinan \u00fcniversitesi Yayl\u0131 \u00e7alg\u0131lar b\u00f6l\u00fcm\u00fcnden mezun olduktan sonra \u0130stanbul&#8217;da \u00fcnl\u00fc isimlerle \u00e7al\u0131\u015fmaya ba\u015flam\u0131\u015ft\u0131r. Gen\u00e7 ya\u015flarda \u0130stanbul&#8217;da aran\u0131lan bir kemanc\u0131 olmu\u015ftur.\u00a0<\/li><\/ul>\t\t\t\t\t\t<\/div>\n\t\t\t\t<\/div>\n\t\t\t\t\t<\/div>\n\t\t<\/div>\n\t\t\t\t\t\t\t<\/div>\n\t\t<\/section>\n\t\t\t\t<section class=\"elementor-section elementor-inner-section elementor-element elementor-element-068a15b elementor-section-content-middle elementor-section-boxed elementor-section-height-default elementor-section-height-default\" data-id=\"068a15b\" data-element_type=\"section\">\n\t\t\t\t\t\t<div class=\"elementor-container elementor-column-gap-no\">\n\t\t\t\t\t<div class=\"elementor-column elementor-col-100 elementor-inner-column elementor-element elementor-element-5a4c4e5\" data-id=\"5a4c4e5\" data-element_type=\"column\">\n\t\t\t<div class=\"elementor-widget-wrap elementor-element-populated\">\n\t\t\t\t\t\t\t\t<div class=\"elementor-element elementor-element-ecc4313 elementor-widget__width-initial elementor-widget elementor-widget-text-editor\" data-id=\"ecc4313\" data-element_type=\"widget\" data-widget_type=\"text-editor.default\">\n\t\t\t\t<div class=\"elementor-widget-container\">\n\t\t\t\t\t\t\t<ul><li>AYTA\u00c7 D\u0130NLET\u0130R SANAT CAM\u0130ASINDAN F\u0130KRET DEDEO\u011eLU , L\u0130NET ,\u00a0SERKAN KAYA ,Z\u0130YNET SAL\u0130 ,LERZAN<br \/>MUTLU,N\u0130RAN \u00dcNSAL , ,TARIK SEZER ,M\u00dc\u015eERREF\u00a0AKAY ,HAKTAN, YILDIZ T\u0130LBE , BERKAY, \u0130STANBUL STR\u0130NGS , S\u0130BEL CAN G\u0130B\u0130 \u00dcNL\u00dc\u00a0SANAT\u00c7ILARIMIZLA \u00c7ALI\u015eMI\u015eTIR.<\/li><\/ul><ul><li>2004 YILINDA \u0130ZM\u0130R&#8217; DE BYD\u0130NLET\u0130R ORKESTRASINI KURMU\u015e ve\u00a0<span style=\"background-color: transparent;\">B\u00dcNYES\u0130NDE \u00c7E\u015e\u0130TL\u0130 A\u00c7ILI\u015e, DAVET,<\/span>FEST\u0130VAL, KOKTEYL ORGAN\u0130ZASYONLARI YAPMI\u015eTIR.\u00a0<span style=\"font-style: inherit; font-weight: inherit; background-color: transparent; color: var(--ast-global-color-3);\">HER ZAMAN \u0130LKEL\u0130 VE DE\u011e\u0130\u015eMEZ G\u00dcVEN<\/span>POL\u0130T\u0130KASIYLA \u0130LERLEYEN TOPLANTI\u00a0<span style=\"font-style: inherit; font-weight: inherit; background-color: transparent; color: var(--ast-global-color-3);\">VE ORGAN\u0130ZASYONLARINI, EN T\u0130T\u0130Z ,<\/span><span style=\"font-style: inherit; font-weight: inherit; background-color: transparent; color: var(--ast-global-color-3);\">DENEY\u0130ML\u0130 M\u00dcZ\u0130SYEN EK\u0130PLER\u0130 \u0130LE SANAT D\u00dcNYASINDA H\u0130ZMET VERMEKTED\u0130R.<\/span><\/li><\/ul><ul><li>AYTA\u00c7 D\u0130NLET\u0130R AYNI ZAMANDA BA\u015eARILI KAR\u0130YER\u0130 SAYES\u0130NDE \u0130ZM\u0130R DE EGE TV\u00a0DE YAPIMCI PROD\u00dcKT\u00d6RL\u00dcK G\u00d6REV\u0130N\u0130\u00a0Y\u00dcR\u00dcTMEKTED\u0130R.<\/li><\/ul>\t\t\t\t\t\t<\/div>\n\t\t\t\t<\/div>\n\t\t\t\t\t<\/div>\n\t\t<\/div>\n\t\t\t\t\t\t\t<\/div>\n\t\t<\/section>\n\t\t\t\t\t<\/div>\n\t\t<\/div>\n\t\t\t\t\t\t\t<\/div>\n\t\t<\/section>\n\t\t\t\t<section class=\"elementor-section elementor-top-section elementor-element elementor-element-d28fe5a elementor-section-height-min-height elementor-section-boxed elementor-section-height-default elementor-section-items-middle\" data-id=\"d28fe5a\" data-element_type=\"section\" data-settings=\"{&quot;background_background&quot;:&quot;classic&quot;}\">\n\t\t\t\t\t\t\t<div class=\"elementor-background-overlay\"><\/div>\n\t\t\t\t\t\t\t<div class=\"elementor-container elementor-column-gap-no\">\n\t\t\t\t\t<div class=\"elementor-column elementor-col-100 elementor-top-column elementor-element elementor-element-5ab1130\" data-id=\"5ab1130\" data-element_type=\"column\">\n\t\t\t<div class=\"elementor-widget-wrap elementor-element-populated\">\n\t\t\t\t\t\t\t\t<div class=\"elementor-element elementor-element-e0d8dc4 elementor-widget__width-initial elementor-widget elementor-widget-heading\" data-id=\"e0d8dc4\" data-element_type=\"widget\" data-widget_type=\"heading.default\">\n\t\t\t\t<div class=\"elementor-widget-container\">\n\t\t\t<h3 class=\"elementor-heading-title elementor-size-default\">BYD\u0130NLET\u0130R PRODUCT\u0130ON <br>B\u00fcnyesinde Verilen Hizmetler ;<br><br>\n\n<\/h3>\t\t<\/div>\n\t\t\t\t<\/div>\n\t\t\t\t<div class=\"elementor-element elementor-element-da02f62 elementor-widget-divider--view-line elementor-widget elementor-widget-divider\" data-id=\"da02f62\" data-element_type=\"widget\" data-widget_type=\"divider.default\">\n\t\t\t\t<div class=\"elementor-widget-container\">\n\t\t\t\t\t<div class=\"elementor-divider\">\n\t\t\t<span class=\"elementor-divider-separator\">\n\t\t\t\t\t\t<\/span>\n\t\t<\/div>\n\t\t\t\t<\/div>\n\t\t\t\t<\/div>\n\t\t\t\t<div class=\"elementor-element elementor-element-b0ffec9 elementor-widget__width-initial elementor-widget elementor-widget-text-editor\" data-id=\"b0ffec9\" data-element_type=\"widget\" data-widget_type=\"text-editor.default\">\n\t\t\t\t<div class=\"elementor-widget-container\">\n\t\t\t\t\t\t\t<ul><li>T\u00fcrk\u00e7e pop orkestras\u0131<\/li><li>Latin orkestras\u0131<\/li><li>Caz orkestras\u0131<\/li><li>Trio gruplar\u0131<\/li><li>Akustik orkestras\u0131<\/li><li>Alaturka fas\u0131l grubu<\/li><li>Dj performaslar\u0131<\/li><li>Ritim gruplar\u0131<\/li><li>Selanik drum bando ekibi<\/li><\/ul>\t\t\t\t\t\t<\/div>\n\t\t\t\t<\/div>\n\t\t\t\t<div class=\"elementor-element elementor-element-5fa11d3 elementor-widget elementor-widget-heading\" data-id=\"5fa11d3\" data-element_type=\"widget\" data-widget_type=\"heading.default\">\n\t\t\t\t<div class=\"elementor-widget-container\">\n\t\t\t<h5 class=\"elementor-heading-title elementor-size-default\">Mercy Law<\/h5>\t\t<\/div>\n\t\t\t\t<\/div>\n\t\t\t\t\t<\/div>\n\t\t<\/div>\n\t\t\t\t\t\t\t<\/div>\n\t\t<\/section>\n\t\t\t\t\t\t\t<\/div>\n\t\t","protected":false},"excerpt":{"rendered":"<p>B\u0130YOGRAF\u0130 BYD\u0130NLET\u0130R ORKESTRASI&#8217;NIN KURUCUSU PROFESYONEL KEMAN SANAT\u00c7ISIAYTA\u00c7 D\u0130NLET\u0130R K\u0130MD\u0130R ? 9 Ya\u015f\u0131nda keman \u00e7almaya ba\u015flam\u0131\u015f Niran \u00fcnsal annesi Nursal \u00fcnsal&#8217;dan ders alm\u0131\u015f m\u00fczik kariyerine ilk ad\u0131m\u0131n\u0131 k\u00fc\u00e7\u00fck\u00a0 ya\u015flarda atm\u0131\u015ft\u0131r. Mimar sinan \u00fcniversitesi Yayl\u0131 \u00e7alg\u0131lar b\u00f6l\u00fcm\u00fcnden mezun olduktan sonra \u0130stanbul&#8217;da \u00fcnl\u00fc isimlerle \u00e7al\u0131\u015fmaya ba\u015flam\u0131\u015ft\u0131r. Gen\u00e7 ya\u015flarda \u0130stanbul&#8217;da aran\u0131lan bir kemanc\u0131 olmu\u015ftur.\u00a0 AYTA\u00c7 D\u0130NLET\u0130R SANAT CAM\u0130ASINDAN F\u0130KRET &hellip;<\/p>\n<p class=\"read-more\"> <a class=\"\" href=\"http:\/\/bydinletirproduction.com\/?page_id=294\"> <span class=\"screen-reader-text\">Biography<\/span> Devam\u0131 &raquo;<\/a><\/p>\n","protected":false},"author":1,"featured_media":0,"parent":0,"menu_order":0,"comment_status":"closed","ping_status":"closed","template":"","meta":{"site-sidebar-layout":"no-sidebar","site-content-layout":"page-builder","ast-global-header-display":"","ast-main-header-display":"","ast-hfb-above-header-display":"","ast-hfb-below-header-display":"","ast-hfb-mobile-header-display":"","site-post-title":"disabled","ast-breadcrumbs-content":"disabled","ast-featured-img":"disabled","footer-sml-layout":"","theme-transparent-header-meta":"enabled","adv-header-id-meta":"","stick-header-meta":"","header-above-stick-meta":"","header-main-stick-meta":"","header-below-stick-meta":"","footnotes":""},"class_list":["post-294","page","type-page","status-publish","hentry"],"_links":{"self":[{"href":"http:\/\/bydinletirproduction.com\/index.php?rest_route=\/wp\/v2\/pages\/294","targetHints":{"allow":["GET"]}}],"collection":[{"href":"http:\/\/bydinletirproduction.com\/index.php?rest_route=\/wp\/v2\/pages"}],"about":[{"href":"http:\/\/bydinletirproduction.com\/index.php?rest_route=\/wp\/v2\/types\/page"}],"author":[{"embeddable":true,"href":"http:\/\/bydinletirproduction.com\/index.php?rest_route=\/wp\/v2\/users\/1"}],"replies":[{"embeddable":true,"href":"http:\/\/bydinletirproduction.com\/index.php?rest_route=%2Fwp%2Fv2%2Fcomments&post=294"}],"version-history":[{"count":37,"href":"http:\/\/bydinletirproduction.com\/index.php?rest_route=\/wp\/v2\/pages\/294\/revisions"}],"predecessor-version":[{"id":819,"href":"http:\/\/bydinletirproduction.com\/index.php?rest_route=\/wp\/v2\/pages\/294\/revisions\/819"}],"wp:attachment":[{"href":"http:\/\/bydinletirproduction.com\/index.php?rest_route=%2Fwp%2Fv2%2Fmedia&parent=294"}],"curies":[{"name":"wp","href":"https:\/\/api.w.org\/{rel}","templated":true}]}}